{"id":19204,"date":"2023-04-21T11:47:52","date_gmt":"2023-04-21T11:47:52","guid":{"rendered":"https:\/\/upliftedbehandeltafels.be\/politique-de-confidentialite\/"},"modified":"2026-02-11T15:30:40","modified_gmt":"2026-02-11T15:30:40","slug":"politique-de-confidentialite","status":"publish","type":"page","link":"https:\/\/upliftedbehandeltafels.be\/fr\/politique-de-confidentialite\/","title":{"rendered":"Politique de confidentialit\u00e9"},"content":{"rendered":"\t\t<div data-elementor-type=\"wp-page\" data-elementor-id=\"19204\" class=\"elementor elementor-19204 elementor-1312\" data-elementor-post-type=\"page\">\n\t\t\t\t\t\t<section class=\"elementor-section elementor-top-section elementor-element elementor-element-52b35ab elementor-section-boxed elementor-section-height-default elementor-section-height-default\" data-id=\"52b35ab\" data-element_type=\"section\" data-e-type=\"section\" data-settings=\"{&quot;background_background&quot;:&quot;classic&quot;,&quot;jet_parallax_layout_list&quot;:[]}\">\n\t\t\t\t\t\t<div class=\"elementor-container elementor-column-gap-default\">\n\t\t\t\t\t<div class=\"elementor-column elementor-col-50 elementor-top-column elementor-element elementor-element-29d8317\" data-id=\"29d8317\" data-element_type=\"column\" data-e-type=\"column\">\n\t\t\t<div class=\"elementor-widget-wrap elementor-element-populated\">\n\t\t\t\t\t\t<div class=\"elementor-element elementor-element-ba5af9b elementor-widget__width-initial elementor-widget elementor-widget-heading\" data-id=\"ba5af9b\" data-element_type=\"widget\" data-e-type=\"widget\" data-widget_type=\"heading.default\">\n\t\t\t\t<div class=\"elementor-widget-container\">\n\t\t\t\t\t<h2 class=\"elementor-heading-title elementor-size-default\">Politique de confidentialit\u00e9 <\/h2>\t\t\t\t<\/div>\n\t\t\t\t<\/div>\n\t\t\t\t\t<\/div>\n\t\t<\/div>\n\t\t\t\t<div class=\"elementor-column elementor-col-50 elementor-top-column elementor-element elementor-element-2da597c\" data-id=\"2da597c\" data-element_type=\"column\" data-e-type=\"column\">\n\t\t\t<div class=\"elementor-widget-wrap elementor-element-populated\">\n\t\t\t\t\t\t<div class=\"elementor-element elementor-element-b8e82cb elementor-widget elementor-widget-text-editor\" data-id=\"b8e82cb\" data-element_type=\"widget\" data-e-type=\"widget\" data-widget_type=\"text-editor.default\">\n\t\t\t\t<div class=\"elementor-widget-container\">\n\t\t\t\t\t\t\t\t\t<p>Uplifted bv travaille conform\u00e9ment aux dispositions du RGPD (R\u00e8glement G\u00e9n\u00e9ral sur la Protection des Donn\u00e9es) qui prot\u00e8gent la vie priv\u00e9e du consommateur. Nous consid\u00e9rons qu\u2019il est important que vous, en tant que client, ayez un aper\u00e7u de vos donn\u00e9es et puissiez toujours les actualiser. Et parce que nous respectons votre vie priv\u00e9e, nous ne vendons pas vos donn\u00e9es \u00e0 des tiers.  <\/p><p>Nos coordonn\u00e9es : Uplifted bv<br>Koolmijnlaan 199<br>3582 Koersel (sur le site be-MINE)<br>get@uplifted.bewww.uplifted.be<\/p><p>Pour toute question ou remarque concernant la d\u00e9claration de confidentialit\u00e9, vous pouvez nous contacter via get@uplifted.be. Cette d\u00e9claration de confidentialit\u00e9 s\u2019applique \u00e0 toutes les donn\u00e9es \u00e0 caract\u00e8re personnel collect\u00e9es par Uplifted bv aupr\u00e8s des clients utilisant les services d\u2019Uplifted bv. <\/p>\t\t\t\t\t\t\t\t<\/div>\n\t\t\t\t<\/div>\n\t\t\t\t\t<\/div>\n\t\t<\/div>\n\t\t\t\t\t<\/div>\n\t\t<\/section>\n\t\t\t\t<section class=\"elementor-section elementor-top-section elementor-element elementor-element-e889fa4 elementor-section-boxed elementor-section-height-default elementor-section-height-default\" data-id=\"e889fa4\" data-element_type=\"section\" data-e-type=\"section\" data-settings=\"{&quot;background_background&quot;:&quot;classic&quot;,&quot;jet_parallax_layout_list&quot;:[]}\">\n\t\t\t\t\t\t<div class=\"elementor-container elementor-column-gap-default\">\n\t\t\t\t\t<div class=\"elementor-column elementor-col-50 elementor-top-column elementor-element elementor-element-111f60e\" data-id=\"111f60e\" data-element_type=\"column\" data-e-type=\"column\">\n\t\t\t<div class=\"elementor-widget-wrap elementor-element-populated\">\n\t\t\t\t\t\t<div class=\"elementor-element elementor-element-5c03914 elementor-widget__width-initial elementor-widget elementor-widget-heading\" data-id=\"5c03914\" data-element_type=\"widget\" data-e-type=\"widget\" data-widget_type=\"heading.default\">\n\t\t\t\t<div class=\"elementor-widget-container\">\n\t\t\t\t\t<h2 class=\"elementor-heading-title elementor-size-default\">\u00c0 quelles fins vos donn\u00e9es personnelles sont-elles utilis\u00e9es ?<\/h2>\t\t\t\t<\/div>\n\t\t\t\t<\/div>\n\t\t\t\t\t<\/div>\n\t\t<\/div>\n\t\t\t\t<div class=\"elementor-column elementor-col-50 elementor-top-column elementor-element elementor-element-5a8ec82\" data-id=\"5a8ec82\" data-element_type=\"column\" data-e-type=\"column\">\n\t\t\t<div class=\"elementor-widget-wrap elementor-element-populated\">\n\t\t\t\t\t\t<div class=\"elementor-element elementor-element-000e260 elementor-widget elementor-widget-text-editor\" data-id=\"000e260\" data-element_type=\"widget\" data-e-type=\"widget\" data-widget_type=\"text-editor.default\">\n\t\t\t\t<div class=\"elementor-widget-container\">\n\t\t\t\t\t\t\t\t\t<p>Afin de pouvoir offrir et ex\u00e9cuter ses services de mani\u00e8re optimale, Uplifted bv a besoin d\u2019un certain nombre de vos donn\u00e9es personnelles. Vous lirez ci-dessous pour quels services et finalit\u00e9s Uplifted bv a besoin de ces donn\u00e9es. Nous utilisons principalement des donn\u00e9es personnelles que nous obtenons directement de votre part.  <\/p>\t\t\t\t\t\t\t\t<\/div>\n\t\t\t\t<\/div>\n\t\t\t\t\t<\/div>\n\t\t<\/div>\n\t\t\t\t\t<\/div>\n\t\t<\/section>\n\t\t\t\t<section class=\"elementor-section elementor-top-section elementor-element elementor-element-c5a3c92 elementor-section-boxed elementor-section-height-default elementor-section-height-default\" data-id=\"c5a3c92\" data-element_type=\"section\" data-e-type=\"section\" data-settings=\"{&quot;background_background&quot;:&quot;classic&quot;,&quot;jet_parallax_layout_list&quot;:[]}\">\n\t\t\t\t\t\t<div class=\"elementor-container elementor-column-gap-default\">\n\t\t\t\t\t<div class=\"elementor-column elementor-col-50 elementor-top-column elementor-element elementor-element-d7a75e3\" data-id=\"d7a75e3\" data-element_type=\"column\" data-e-type=\"column\">\n\t\t\t<div class=\"elementor-widget-wrap elementor-element-populated\">\n\t\t\t\t\t\t<div class=\"elementor-element elementor-element-18ff681 elementor-widget__width-initial elementor-widget elementor-widget-heading\" data-id=\"18ff681\" data-element_type=\"widget\" data-e-type=\"widget\" data-widget_type=\"heading.default\">\n\t\t\t\t<div class=\"elementor-widget-container\">\n\t\t\t\t\t<h2 class=\"elementor-heading-title elementor-size-default\">Donn\u00e9es personnelles que nous traitons<\/h2>\t\t\t\t<\/div>\n\t\t\t\t<\/div>\n\t\t\t\t\t<\/div>\n\t\t<\/div>\n\t\t\t\t<div class=\"elementor-column elementor-col-50 elementor-top-column elementor-element elementor-element-e395785\" data-id=\"e395785\" data-element_type=\"column\" data-e-type=\"column\">\n\t\t\t<div class=\"elementor-widget-wrap elementor-element-populated\">\n\t\t\t\t\t\t<div class=\"elementor-element elementor-element-5fb8ad4 elementor-widget elementor-widget-text-editor\" data-id=\"5fb8ad4\" data-element_type=\"widget\" data-e-type=\"widget\" data-widget_type=\"text-editor.default\">\n\t\t\t\t<div class=\"elementor-widget-container\">\n\t\t\t\t\t\t\t\t\t<p>Pr\u00e9nom et nom<br>Forme juridique, titre<br>Adresse<br>Sexe<br>Date de naissance<br>Num\u00e9ros de t\u00e9l\u00e9phone<br>Adresse e-mail<\/p><p>Autres donn\u00e9es personnelles que vous fournissez activement, par exemple en cr\u00e9ant un profil sur ce site web, dans la correspondance, par t\u00e9l\u00e9phone ou lors de contacts avec nos collaborateurs.<\/p><p>Informations sur vos activit\u00e9s<br>Num\u00e9ro(s) de compte<br>Factures<br>\u00c9changes d\u2019e-mails entre le client et Uplifted bv.<br>Toutes les donn\u00e9es de paiement<\/p>\t\t\t\t\t\t\t\t<\/div>\n\t\t\t\t<\/div>\n\t\t\t\t\t<\/div>\n\t\t<\/div>\n\t\t\t\t\t<\/div>\n\t\t<\/section>\n\t\t\t\t<section class=\"elementor-section elementor-top-section elementor-element elementor-element-925fa74 elementor-section-boxed elementor-section-height-default elementor-section-height-default\" data-id=\"925fa74\" data-element_type=\"section\" data-e-type=\"section\" data-settings=\"{&quot;background_background&quot;:&quot;classic&quot;,&quot;jet_parallax_layout_list&quot;:[]}\">\n\t\t\t\t\t\t<div class=\"elementor-container elementor-column-gap-default\">\n\t\t\t\t\t<div class=\"elementor-column elementor-col-50 elementor-top-column elementor-element elementor-element-eac4e02\" data-id=\"eac4e02\" data-element_type=\"column\" data-e-type=\"column\">\n\t\t\t<div class=\"elementor-widget-wrap elementor-element-populated\">\n\t\t\t\t\t\t<div class=\"elementor-element elementor-element-98d90bc elementor-widget__width-initial elementor-widget elementor-widget-heading\" data-id=\"98d90bc\" data-element_type=\"widget\" data-e-type=\"widget\" data-widget_type=\"heading.default\">\n\t\t\t\t<div class=\"elementor-widget-container\">\n\t\t\t\t\t<h2 class=\"elementor-heading-title elementor-size-default\">\u00c0 quelles fins vos donn\u00e9es personnelles sont-elles utilis\u00e9es ?<\/h2>\t\t\t\t<\/div>\n\t\t\t\t<\/div>\n\t\t\t\t\t<\/div>\n\t\t<\/div>\n\t\t\t\t<div class=\"elementor-column elementor-col-50 elementor-top-column elementor-element elementor-element-0d41f8f\" data-id=\"0d41f8f\" data-element_type=\"column\" data-e-type=\"column\">\n\t\t\t<div class=\"elementor-widget-wrap elementor-element-populated\">\n\t\t\t\t\t\t<div class=\"elementor-element elementor-element-b151e04 elementor-widget elementor-widget-text-editor\" data-id=\"b151e04\" data-element_type=\"widget\" data-e-type=\"widget\" data-widget_type=\"text-editor.default\">\n\t\t\t\t<div class=\"elementor-widget-container\">\n\t\t\t\t\t\t\t\t\t<p>Uplifted BV traite vos donn\u00e9es personnelles pour les finalit\u00e9s suivantes :<\/p><ul><li>Pour traiter et livrer vos commandes et services<\/li><li>Envoi de communications commerciales et de promotions (newsletters, r\u00e9seaux sociaux, publicit\u00e9s en ligne et autres actions marketing)<\/li><li>Vous pouvez toujours vous abonner \u00e0 l\u2019une de nos newsletters. Vous resterez ainsi inform\u00e9 de nos actions, promotions et \u00e9v\u00e9nements. Nous vous demanderons votre adresse e-mail. Nous envoyons ces newsletters si vous nous en avez donn\u00e9 l\u2019autorisation.   <\/li><li>Informer les transporteurs ou autres fournisseurs ou parties concern\u00e9es<\/li><li>Le traitement de votre paiement<\/li><li>Pour assurer le service apr\u00e8s-vente ou l\u2019entretien des produits<\/li><li>Envoi de notre newsletter, d\u2019informations scientifiques, d\u2019informations professionnelles et\/ou d\u2019informations sur les produits et services.<\/li><li>Pour pouvoir vous contacter si cela est n\u00e9cessaire \u00e0 l\u2019ex\u00e9cution de nos services.<br>Vous informer des modifications ou mises \u00e0 jour de nos services et produits.<br>Analyser votre comportement sur le(s) site(s) web afin d\u2019am\u00e9liorer le site et d\u2019adapter l\u2019offre de produits et services \u00e0 vos pr\u00e9f\u00e9rences.<\/li><li>Traiter les donn\u00e9es personnelles lorsque nous y sommes l\u00e9galement oblig\u00e9s.<br>Les conversations t\u00e9l\u00e9phoniques que vous avez avec une personne de nos services ne sont ni enregistr\u00e9es ni conserv\u00e9es.<\/li><li>Pour toutes vos questions, remarques ou r\u00e9clamations, vous pouvez vous adresser \u00e0 nos services. Vous pouvez \u00e9galement utiliser les formulaires de contact que vous trouverez sur notre site web sous la rubrique \u00ab Contact \u00bb. <\/li><\/ul>\t\t\t\t\t\t\t\t<\/div>\n\t\t\t\t<\/div>\n\t\t\t\t\t<\/div>\n\t\t<\/div>\n\t\t\t\t\t<\/div>\n\t\t<\/section>\n\t\t\t\t<section class=\"elementor-section elementor-top-section elementor-element elementor-element-0daed77 elementor-section-boxed elementor-section-height-default elementor-section-height-default\" data-id=\"0daed77\" data-element_type=\"section\" data-e-type=\"section\" data-settings=\"{&quot;background_background&quot;:&quot;classic&quot;,&quot;jet_parallax_layout_list&quot;:[]}\">\n\t\t\t\t\t\t<div class=\"elementor-container elementor-column-gap-default\">\n\t\t\t\t\t<div class=\"elementor-column elementor-col-50 elementor-top-column elementor-element elementor-element-535a12e\" data-id=\"535a12e\" data-element_type=\"column\" data-e-type=\"column\">\n\t\t\t<div class=\"elementor-widget-wrap elementor-element-populated\">\n\t\t\t\t\t\t<div class=\"elementor-element elementor-element-845b747 elementor-widget__width-initial elementor-widget elementor-widget-heading\" data-id=\"845b747\" data-element_type=\"widget\" data-e-type=\"widget\" data-widget_type=\"heading.default\">\n\t\t\t\t<div class=\"elementor-widget-container\">\n\t\t\t\t\t<h2 class=\"elementor-heading-title elementor-size-default\">Uplifted<\/h2>\t\t\t\t<\/div>\n\t\t\t\t<\/div>\n\t\t\t\t\t<\/div>\n\t\t<\/div>\n\t\t\t\t<div class=\"elementor-column elementor-col-50 elementor-top-column elementor-element elementor-element-a618b2e\" data-id=\"a618b2e\" data-element_type=\"column\" data-e-type=\"column\">\n\t\t\t<div class=\"elementor-widget-wrap\">\n\t\t\t\t\t\t\t<\/div>\n\t\t<\/div>\n\t\t\t\t\t<\/div>\n\t\t<\/section>\n\t\t\t\t<section class=\"elementor-section elementor-top-section elementor-element elementor-element-294357d elementor-section-boxed elementor-section-height-default elementor-section-height-default\" data-id=\"294357d\" data-element_type=\"section\" data-e-type=\"section\" data-settings=\"{&quot;background_background&quot;:&quot;classic&quot;,&quot;jet_parallax_layout_list&quot;:[]}\">\n\t\t\t\t\t\t<div class=\"elementor-container elementor-column-gap-default\">\n\t\t\t\t\t<div class=\"elementor-column elementor-col-50 elementor-top-column elementor-element elementor-element-471ba35\" data-id=\"471ba35\" data-element_type=\"column\" data-e-type=\"column\">\n\t\t\t<div class=\"elementor-widget-wrap elementor-element-populated\">\n\t\t\t\t\t\t<div class=\"elementor-element elementor-element-3709f2b elementor-widget__width-initial elementor-widget elementor-widget-heading\" data-id=\"3709f2b\" data-element_type=\"widget\" data-e-type=\"widget\" data-widget_type=\"heading.default\">\n\t\t\t\t<div class=\"elementor-widget-container\">\n\t\t\t\t\t<h2 class=\"elementor-heading-title elementor-size-default\">Combien de temps conservons-nous vos donn\u00e9es personnelles ?<\/h2>\t\t\t\t<\/div>\n\t\t\t\t<\/div>\n\t\t\t\t\t<\/div>\n\t\t<\/div>\n\t\t\t\t<div class=\"elementor-column elementor-col-50 elementor-top-column elementor-element elementor-element-07bddae\" data-id=\"07bddae\" data-element_type=\"column\" data-e-type=\"column\">\n\t\t\t<div class=\"elementor-widget-wrap elementor-element-populated\">\n\t\t\t\t\t\t<div class=\"elementor-element elementor-element-59c488d elementor-widget elementor-widget-text-editor\" data-id=\"59c488d\" data-element_type=\"widget\" data-e-type=\"widget\" data-widget_type=\"text-editor.default\">\n\t\t\t\t<div class=\"elementor-widget-container\">\n\t\t\t\t\t\t\t\t\t<p>Uplifted bv ne conservera pas vos donn\u00e9es plus longtemps que n\u00e9cessaire pour atteindre les objectifs mentionn\u00e9s ci-dessus ou pour satisfaire \u00e0 nos obligations l\u00e9gales ou contractuelles. Si vous souhaitez qu\u2019Uplifted bv ne conserve plus vos donn\u00e9es personnelles ou si vous souhaitez plus d\u2019informations sur les d\u00e9lais de conservation que nous appliquons, vous pouvez nous contacter. <\/p>\t\t\t\t\t\t\t\t<\/div>\n\t\t\t\t<\/div>\n\t\t\t\t\t<\/div>\n\t\t<\/div>\n\t\t\t\t\t<\/div>\n\t\t<\/section>\n\t\t\t\t<section class=\"elementor-section elementor-top-section elementor-element elementor-element-bd57b5a elementor-section-boxed elementor-section-height-default elementor-section-height-default\" data-id=\"bd57b5a\" data-element_type=\"section\" data-e-type=\"section\" data-settings=\"{&quot;background_background&quot;:&quot;classic&quot;,&quot;jet_parallax_layout_list&quot;:[]}\">\n\t\t\t\t\t\t<div class=\"elementor-container elementor-column-gap-default\">\n\t\t\t\t\t<div class=\"elementor-column elementor-col-50 elementor-top-column elementor-element elementor-element-951d06e\" data-id=\"951d06e\" data-element_type=\"column\" data-e-type=\"column\">\n\t\t\t<div class=\"elementor-widget-wrap elementor-element-populated\">\n\t\t\t\t\t\t<div class=\"elementor-element elementor-element-a9935f0 elementor-widget__width-initial elementor-widget elementor-widget-heading\" data-id=\"a9935f0\" data-element_type=\"widget\" data-e-type=\"widget\" data-widget_type=\"heading.default\">\n\t\t\t\t<div class=\"elementor-widget-container\">\n\t\t\t\t\t<h2 class=\"elementor-heading-title elementor-size-default\">Avec qui partageons-nous vos donn\u00e9es personnelles ?<\/h2>\t\t\t\t<\/div>\n\t\t\t\t<\/div>\n\t\t\t\t\t<\/div>\n\t\t<\/div>\n\t\t\t\t<div class=\"elementor-column elementor-col-50 elementor-top-column elementor-element elementor-element-3135261\" data-id=\"3135261\" data-element_type=\"column\" data-e-type=\"column\">\n\t\t\t<div class=\"elementor-widget-wrap elementor-element-populated\">\n\t\t\t\t\t\t<div class=\"elementor-element elementor-element-440119b elementor-widget elementor-widget-text-editor\" data-id=\"440119b\" data-element_type=\"widget\" data-e-type=\"widget\" data-widget_type=\"text-editor.default\">\n\t\t\t\t<div class=\"elementor-widget-container\">\n\t\t\t\t\t\t\t\t\t<p>Afin de toujours pouvoir garantir un service optimal, nous collaborons pour certains travaux avec des tiers sp\u00e9cialis\u00e9s dans leur domaine. Uplifted bv s\u00e9lectionne ses partenaires avec soin afin qu\u2019ils traitent vos donn\u00e9es personnelles avec autant de pr\u00e9caution que nous. <\/p>\t\t\t\t\t\t\t\t<\/div>\n\t\t\t\t<\/div>\n\t\t\t\t\t<\/div>\n\t\t<\/div>\n\t\t\t\t\t<\/div>\n\t\t<\/section>\n\t\t\t\t<section class=\"elementor-section elementor-top-section elementor-element elementor-element-1c74fd6 elementor-section-boxed elementor-section-height-default elementor-section-height-default\" data-id=\"1c74fd6\" data-element_type=\"section\" data-e-type=\"section\" data-settings=\"{&quot;background_background&quot;:&quot;classic&quot;,&quot;jet_parallax_layout_list&quot;:[]}\">\n\t\t\t\t\t\t<div class=\"elementor-container elementor-column-gap-default\">\n\t\t\t\t\t<div class=\"elementor-column elementor-col-50 elementor-top-column elementor-element elementor-element-8d1866f\" data-id=\"8d1866f\" data-element_type=\"column\" data-e-type=\"column\">\n\t\t\t<div class=\"elementor-widget-wrap elementor-element-populated\">\n\t\t\t\t\t\t<div class=\"elementor-element elementor-element-3fd70d5 elementor-widget__width-initial elementor-widget elementor-widget-heading\" data-id=\"3fd70d5\" data-element_type=\"widget\" data-e-type=\"widget\" data-widget_type=\"heading.default\">\n\t\t\t\t<div class=\"elementor-widget-container\">\n\t\t\t\t\t<h2 class=\"elementor-heading-title elementor-size-default\">Droit de consultation ou de modification de vos donn\u00e9es<\/h2>\t\t\t\t<\/div>\n\t\t\t\t<\/div>\n\t\t\t\t\t<\/div>\n\t\t<\/div>\n\t\t\t\t<div class=\"elementor-column elementor-col-50 elementor-top-column elementor-element elementor-element-9b157c5\" data-id=\"9b157c5\" data-element_type=\"column\" data-e-type=\"column\">\n\t\t\t<div class=\"elementor-widget-wrap elementor-element-populated\">\n\t\t\t\t\t\t<div class=\"elementor-element elementor-element-870f8e4 elementor-widget elementor-widget-text-editor\" data-id=\"870f8e4\" data-element_type=\"widget\" data-e-type=\"widget\" data-widget_type=\"text-editor.default\">\n\t\t\t\t<div class=\"elementor-widget-container\">\n\t\t\t\t\t\t\t\t\t<p>Vous avez le droit de consulter ou de modifier vos donn\u00e9es personnelles. En outre, vous avez le droit de retirer votre \u00e9ventuel consentement au traitement des donn\u00e9es ou de vous opposer au traitement de vos donn\u00e9es personnelles par Uplifted bv et vous disposez du droit \u00e0 la portabilit\u00e9 des donn\u00e9es. Cela signifie que vous pouvez nous soumettre une demande pour que les donn\u00e9es personnelles que nous poss\u00e9dons \u00e0 votre sujet soient envoy\u00e9es dans un fichier informatique \u00e0 vous-m\u00eame ou \u00e0 une autre organisation que vous aurez d\u00e9sign\u00e9e.  <\/p>\t\t\t\t\t\t\t\t<\/div>\n\t\t\t\t<\/div>\n\t\t\t\t\t<\/div>\n\t\t<\/div>\n\t\t\t\t\t<\/div>\n\t\t<\/section>\n\t\t\t\t<section class=\"elementor-section elementor-top-section elementor-element elementor-element-ad0bf62 elementor-section-boxed elementor-section-height-default elementor-section-height-default\" data-id=\"ad0bf62\" data-element_type=\"section\" data-e-type=\"section\" data-settings=\"{&quot;background_background&quot;:&quot;classic&quot;,&quot;jet_parallax_layout_list&quot;:[]}\">\n\t\t\t\t\t\t<div class=\"elementor-container elementor-column-gap-default\">\n\t\t\t\t\t<div class=\"elementor-column elementor-col-50 elementor-top-column elementor-element elementor-element-a96e5a7\" data-id=\"a96e5a7\" data-element_type=\"column\" data-e-type=\"column\">\n\t\t\t<div class=\"elementor-widget-wrap elementor-element-populated\">\n\t\t\t\t\t\t<div class=\"elementor-element elementor-element-80a2350 elementor-widget__width-initial elementor-widget elementor-widget-heading\" data-id=\"80a2350\" data-element_type=\"widget\" data-e-type=\"widget\" data-widget_type=\"heading.default\">\n\t\t\t\t<div class=\"elementor-widget-container\">\n\t\t\t\t\t<h2 class=\"elementor-heading-title elementor-size-default\">Droit \u00e0 l\u2019effacement de vos donn\u00e9es<\/h2>\t\t\t\t<\/div>\n\t\t\t\t<\/div>\n\t\t\t\t\t<\/div>\n\t\t<\/div>\n\t\t\t\t<div class=\"elementor-column elementor-col-50 elementor-top-column elementor-element elementor-element-b31c0d3\" data-id=\"b31c0d3\" data-element_type=\"column\" data-e-type=\"column\">\n\t\t\t<div class=\"elementor-widget-wrap elementor-element-populated\">\n\t\t\t\t\t\t<div class=\"elementor-element elementor-element-1b1f7e5 elementor-widget elementor-widget-text-editor\" data-id=\"1b1f7e5\" data-element_type=\"widget\" data-e-type=\"widget\" data-widget_type=\"text-editor.default\">\n\t\t\t\t<div class=\"elementor-widget-container\">\n\t\t\t\t\t\t\t\t\t<p>Vous avez le droit de demander \u00e0 Uplifted bv de supprimer les donn\u00e9es personnelles qu\u2019elle d\u00e9tient \u00e0 votre sujet. Ce droit n\u2019est pas absolu : il ne peut \u00eatre exerc\u00e9 que si l\u2019une des conditions suivantes s\u2019applique : Uplifted n\u2019a plus besoin de vos donn\u00e9es personnelles pour atteindre ses objectifs. <\/p><p>Vous vous \u00eates oppos\u00e9 \u00e0 un certain traitement et Uplifted bv n\u2019a pas d\u2019int\u00e9r\u00eat l\u00e9gitime pr\u00e9pond\u00e9rant pour ce traitement.<\/p><p>Vos donn\u00e9es personnelles doivent \u00eatre supprim\u00e9es pour respecter une obligation l\u00e9gale.<\/p><p>Si l\u2019une de ces conditions est jug\u00e9e applicable, vos donn\u00e9es personnelles seront supprim\u00e9es. Si vos donn\u00e9es ont \u00e9t\u00e9 transmises \u00e0 nos sous-traitants pour certaines finalit\u00e9s, Uplifted bv informera tous ces sous-traitants que les donn\u00e9es doivent \u00e9galement \u00eatre supprim\u00e9es par eux. <\/p><p>Vous pouvez envoyer une demande de consultation, de modification, de suppression, de transfert de vos donn\u00e9es personnelles ou une demande de retrait de votre consentement ou d\u2019opposition au traitement de vos donn\u00e9es personnelles \u00e0 get@uplifted.be.<br>Comme mentionn\u00e9 ci-dessus dans la section \u00ab donn\u00e9es personnelles que nous traitons \u00bb, vous pouvez retirer votre consentement \u00e0 tout moment pour tous les traitements pour lesquels Uplifted demande votre accord.<br>Vous pouvez retirer votre consentement comme suit :<br>Vous pouvez vous d\u00e9sinscrire des newsletters, des campagnes de marketing direct, des \u00e9v\u00e9nements, des enqu\u00eates et d\u2019autres informations personnalis\u00e9es en utilisant le lien de d\u00e9sinscription au bas de chaque newsletter envoy\u00e9e.<br>Vous pouvez envoyer un e-mail \u00e0 : get@uplifted.be<\/p><p>Afin de nous assurer que la demande de consultation a bien \u00e9t\u00e9 effectu\u00e9e par vous, nous vous demandons de joindre une copie de votre pi\u00e8ce d\u2019identit\u00e9 \u00e0 la demande.<\/p>\t\t\t\t\t\t\t\t<\/div>\n\t\t\t\t<\/div>\n\t\t\t\t\t<\/div>\n\t\t<\/div>\n\t\t\t\t\t<\/div>\n\t\t<\/section>\n\t\t\t\t<\/div>\n\t\t","protected":false},"excerpt":{"rendered":"<p>Politique de confidentialit\u00e9 Uplifted bv travaille conform\u00e9ment aux dispositions du RGPD (R\u00e8glement G\u00e9n\u00e9ral sur la Protection des Donn\u00e9es) qui prot\u00e8gent la vie priv\u00e9e du consommateur. Nous consid\u00e9rons qu\u2019il est important que vous, en tant que client, ayez un aper\u00e7u de vos donn\u00e9es et puissiez toujours les actualiser. Et parce que nous respectons votre vie priv\u00e9e, [&hellip;]<\/p>\n","protected":false},"author":1,"featured_media":0,"parent":0,"menu_order":0,"comment_status":"closed","ping_status":"closed","template":"","meta":{"_seopress_robots_primary_cat":"","_seopress_titles_title":"Naggura | Powered by Uplifted. Reinventing treatment tables. ","_seopress_titles_desc":"Naggura | Powered by Uplifted. Reinventing treatment tables. ","_seopress_robots_index":"","_lmt_disableupdate":"","_lmt_disable":"","_joinchat":[],"footnotes":"","_links_to":"","_links_to_target":""},"class_list":["post-19204","page","type-page","status-publish","hentry"],"_links":{"self":[{"href":"https:\/\/upliftedbehandeltafels.be\/fr\/wp-json\/wp\/v2\/pages\/19204","targetHints":{"allow":["GET"]}}],"collection":[{"href":"https:\/\/upliftedbehandeltafels.be\/fr\/wp-json\/wp\/v2\/pages"}],"about":[{"href":"https:\/\/upliftedbehandeltafels.be\/fr\/wp-json\/wp\/v2\/types\/page"}],"author":[{"embeddable":true,"href":"https:\/\/upliftedbehandeltafels.be\/fr\/wp-json\/wp\/v2\/users\/1"}],"replies":[{"embeddable":true,"href":"https:\/\/upliftedbehandeltafels.be\/fr\/wp-json\/wp\/v2\/comments?post=19204"}],"version-history":[{"count":0,"href":"https:\/\/upliftedbehandeltafels.be\/fr\/wp-json\/wp\/v2\/pages\/19204\/revisions"}],"wp:attachment":[{"href":"https:\/\/upliftedbehandeltafels.be\/fr\/wp-json\/wp\/v2\/media?parent=19204"}],"curies":[{"name":"wp","href":"https:\/\/api.w.org\/{rel}","templated":true}]}}