{"id":19200,"date":"2023-04-21T11:33:32","date_gmt":"2023-04-21T11:33:32","guid":{"rendered":"https:\/\/upliftedbehandeltafels.be\/cookies\/"},"modified":"2026-02-11T15:30:35","modified_gmt":"2026-02-11T15:30:35","slug":"cookies","status":"publish","type":"page","link":"https:\/\/upliftedbehandeltafels.be\/fr\/cookies\/","title":{"rendered":"Cookies"},"content":{"rendered":"\t\t<div data-elementor-type=\"wp-page\" data-elementor-id=\"19200\" class=\"elementor elementor-19200 elementor-1268\" data-elementor-post-type=\"page\">\n\t\t\t\t\t\t<section class=\"elementor-section elementor-top-section elementor-element elementor-element-52b35ab elementor-section-boxed elementor-section-height-default elementor-section-height-default\" data-id=\"52b35ab\" data-element_type=\"section\" data-e-type=\"section\" data-settings=\"{&quot;background_background&quot;:&quot;classic&quot;,&quot;jet_parallax_layout_list&quot;:[]}\">\n\t\t\t\t\t\t<div class=\"elementor-container elementor-column-gap-default\">\n\t\t\t\t\t<div class=\"elementor-column elementor-col-50 elementor-top-column elementor-element elementor-element-29d8317\" data-id=\"29d8317\" data-element_type=\"column\" data-e-type=\"column\">\n\t\t\t<div class=\"elementor-widget-wrap elementor-element-populated\">\n\t\t\t\t\t\t<div class=\"elementor-element elementor-element-ba5af9b elementor-widget__width-initial elementor-widget elementor-widget-heading\" data-id=\"ba5af9b\" data-element_type=\"widget\" data-e-type=\"widget\" data-widget_type=\"heading.default\">\n\t\t\t\t<div class=\"elementor-widget-container\">\n\t\t\t\t\t<h2 class=\"elementor-heading-title elementor-size-default\">Cookies<\/h2>\t\t\t\t<\/div>\n\t\t\t\t<\/div>\n\t\t\t\t\t<\/div>\n\t\t<\/div>\n\t\t\t\t<div class=\"elementor-column elementor-col-50 elementor-top-column elementor-element elementor-element-2da597c\" data-id=\"2da597c\" data-element_type=\"column\" data-e-type=\"column\">\n\t\t\t<div class=\"elementor-widget-wrap elementor-element-populated\">\n\t\t\t\t\t\t<div class=\"elementor-element elementor-element-f8541f5 elementor-widget elementor-widget-text-editor\" data-id=\"f8541f5\" data-element_type=\"widget\" data-e-type=\"widget\" data-widget_type=\"text-editor.default\">\n\t\t\t\t<div class=\"elementor-widget-container\">\n\t\t\t\t\t\t\t\t\t<p><strong>D\u00c9CLARATION SUR L\u2019UTILISATION DES COOKIES<\/strong><\/p><p>Sur le site web https:\/\/www.uplifted.be, nous utilisons des cookies pour faciliter la relation des visiteurs avec notre contenu et pour nous permettre d\u2019\u00e9tablir des statistiques sur les visiteurs que nous recevons.<\/p><p><strong>\u00c0 QUOI SERVENT LES COOKIES<\/strong><\/p><p>Ils sont g\u00e9n\u00e9ralement utilis\u00e9s pour en savoir plus sur l\u2019activit\u00e9 des visiteurs du site web, afin d\u2019am\u00e9liorer le site en enregistrant et en r\u00e9cup\u00e9rant les donn\u00e9es de navigation des utilisateurs. Les cookies sont \u00e9galement utilis\u00e9s pour fournir des informations sur la navigation des utilisateurs aux propri\u00e9taires de sites web et \u00e0 leurs partenaires, afin d\u2019analyser l\u2019utilisation du site et d\u2019en adapter le contenu. <\/p><p><strong>INFORMATIONS IMPORTANTES SUR NOTRE UTILISATION DES COOKIES<\/strong><\/p><p>Les cookies sont utilis\u00e9s \u00e0 des fins statistiques et fonctionnelles et pour am\u00e9liorer nos services en analysant la mani\u00e8re dont les visiteurs utilisent notre site web. Dans ce dernier cas, nous pouvons utiliser des cookies pour stocker certaines donn\u00e9es d\u2019acc\u00e8s, mais jamais de mots de passe. Les cookies facilitent la connexion, la navigation et l\u2019utilisation du site web par l\u2019utilisateur lors de ses prochaines visites.  <\/p><p>Certains annonceurs, fournisseurs (www.naggura.com) et organismes d\u2019analyse web avec lesquels nous collaborons placent des cookies sur l\u2019ordinateur de l\u2019utilisateur via ce site web. Nos sites peuvent \u00e9galement contenir des liens vers des r\u00e9seaux sociaux (tels que Facebook). Uplifted bv n\u2019a aucun contr\u00f4le sur les cookies utilis\u00e9s par ces sites web externes. Pour plus d\u2019informations sur les cookies des r\u00e9seaux sociaux ou d\u2019autres sites web externes, nous vous recommandons de consulter leur propre politique en mati\u00e8re de cookies.   <\/p><p><strong>COOKIES PROPRES<\/strong><\/p><p>Vous trouverez ci-dessous les cookies plac\u00e9s par le site web et la finalit\u00e9 de chaque cookie :<\/p><p><strong>Cookies techniques :<\/strong> Les cookies techniques sont ceux qui sont essentiels et strictement n\u00e9cessaires au bon fonctionnement d\u2019un portail web et \u00e0 l\u2019utilisation des diff\u00e9rentes options et services qu\u2019il propose. Par exemple, ceux utilis\u00e9s pour le maintien des sessions, la gestion du temps de r\u00e9ponse, l\u2019ex\u00e9cution ou la validation d\u2019options, l\u2019utilisation d\u2019\u00e9l\u00e9ments de s\u00e9curit\u00e9, le partage de contenus avec les r\u00e9seaux sociaux, etc. <\/p><p><strong>Cookies de tiers :<\/strong> Un certain nombre de prestataires placent des cookies afin de pouvoir fournir certains services. Vous trouverez ci-dessous les cookies plac\u00e9s par des tiers, les finalit\u00e9s pour lesquelles ils sont utilis\u00e9s et des liens vers des sites web o\u00f9 vous pourrez trouver plus d\u2019informations sur les cookies : <\/p><p class=\"p1\"><span style=\"text-decoration: underline;\">Cookies analytiques :<\/span> Les cookies de Google Analytics sont utilis\u00e9s pour analyser et mesurer la mani\u00e8re dont les visiteurs utilisent ce site web. Les informations sont utilis\u00e9es pour \u00e9tablir des rapports qui nous permettent d\u2019am\u00e9liorer ce site. Ces cookies collectent des informations de mani\u00e8re anonyme, notamment le nombre de visiteurs du site, la mani\u00e8re dont ils sont arriv\u00e9s sur le site et les pages que vous avez consult\u00e9es lors de votre navigation sur notre site web. https:\/\/www.google.com\/analytics\/learn\/privacy.html Les cookies de Youtube sont utilis\u00e9s pour compter le nombre de vues des vid\u00e9os int\u00e9gr\u00e9es sur d\u2019autres sites web.    https:\/\/support.google.com\/youtube\/answer\/2407785?hl=es-419<\/p><p class=\"p1\"><span style=\"text-decoration: underline;\">Cookies utilis\u00e9s par les r\u00e9seaux sociaux :<\/span> La Singular Olivia dispose de la fonctionnalit\u00e9 de partage de contenu via les r\u00e9seaux sociaux (sp\u00e9cifiquement Facebook, Twitter, Pinterest et Google+) gr\u00e2ce aux boutons install\u00e9s \u00e0 cet effet sur les fiches produits. Les cookies utilis\u00e9s par les r\u00e9seaux sociaux \u00e9vitent \u00e0 l\u2019utilisateur de devoir saisir ses donn\u00e9es \u00e0 chaque fois qu\u2019il d\u00e9cide de partager un contenu. Ces boutons n\u2019ont pas acc\u00e8s aux donn\u00e9es saisies par l\u2019utilisateur lors du partage de contenu sur le r\u00e9seau.  <\/p><p class=\"p1\">*LinkedIn<\/p><p class=\"p1\">*Facebook<\/p><p class=\"p1\">*Google<\/p><p class=\"p1\">*YouTube<\/p><p class=\"p1\"><strong>COMMENT D\u00c9SACTIVER LES COOKIES<\/strong><\/p><p class=\"p1\">Pour nous conformer \u00e0 la l\u00e9gislation en vigueur, nous devons vous demander votre autorisation pour g\u00e9rer les cookies. Si vous d\u00e9cidez de ne pas autoriser le traitement en indiquant que vous n\u2019\u00eates pas d\u2019accord, nous n\u2019utiliserons que les cookies essentiels \u00e0 la navigation sur notre site web. Dans ce cas, nous ne stockerions aucun cookie. Si vous continuez \u00e0 naviguer sur notre site web sans refuser votre consentement, cela implique que vous en acceptez l\u2019utilisation.   <\/p><p class=\"p1\">Nous attirons votre attention sur le fait que si vous refusez ou supprimez les cookies de navigation, nous ne pourrons pas conserver vos pr\u00e9f\u00e9rences, certaines fonctions des pages ne seront pas op\u00e9rationnelles, nous ne pourrons pas vous proposer de services personnalis\u00e9s et nous devrons vous demander \u00e0 nouveau votre autorisation pour l\u2019utilisation de cookies chaque fois que vous naviguerez sur notre site web.<\/p><p class=\"p1\">Vous pouvez modifier la configuration de votre acc\u00e8s au site web. Sachez qu\u2019il est possible \u00e0 tout moment de supprimer les cookies ou d\u2019emp\u00eacher l\u2019enregistrement de ces informations sur votre ordinateur en modifiant les param\u00e8tres de configuration de votre navigateur : <\/p><p class=\"p1\">* Param\u00e8tres des cookies dans Internet Explorer<\/p><p class=\"p1\">* Param\u00e8tres des cookies dans Firefox<\/p><p class=\"p1\">* Param\u00e8tres des cookies dans Google Chrome<\/p><p class=\"p1\">* Param\u00e8tres des cookies dans Safari<\/p>\t\t\t\t\t\t\t\t<\/div>\n\t\t\t\t<\/div>\n\t\t\t\t\t<\/div>\n\t\t<\/div>\n\t\t\t\t\t<\/div>\n\t\t<\/section>\n\t\t\t\t<\/div>\n\t\t","protected":false},"excerpt":{"rendered":"<p>Cookies D\u00c9CLARATION SUR L\u2019UTILISATION DES COOKIES Sur le site web https:\/\/www.uplifted.be, nous utilisons des cookies pour faciliter la relation des visiteurs avec notre contenu et pour nous permettre d\u2019\u00e9tablir des statistiques sur les visiteurs que nous recevons. \u00c0 QUOI SERVENT LES COOKIES Ils sont g\u00e9n\u00e9ralement utilis\u00e9s pour en savoir plus sur l\u2019activit\u00e9 des visiteurs du [&hellip;]<\/p>\n","protected":false},"author":1,"featured_media":0,"parent":0,"menu_order":0,"comment_status":"closed","ping_status":"closed","template":"","meta":{"_seopress_robots_primary_cat":"","_seopress_titles_title":"Naggura | Powered by Uplifted. Reinventing treatment tables. ","_seopress_titles_desc":"Naggura | Powered by Uplifted. Reinventing treatment tables. ","_seopress_robots_index":"","_lmt_disableupdate":"","_lmt_disable":"","_joinchat":[],"footnotes":"","_links_to":"","_links_to_target":""},"class_list":["post-19200","page","type-page","status-publish","hentry"],"_links":{"self":[{"href":"https:\/\/upliftedbehandeltafels.be\/fr\/wp-json\/wp\/v2\/pages\/19200","targetHints":{"allow":["GET"]}}],"collection":[{"href":"https:\/\/upliftedbehandeltafels.be\/fr\/wp-json\/wp\/v2\/pages"}],"about":[{"href":"https:\/\/upliftedbehandeltafels.be\/fr\/wp-json\/wp\/v2\/types\/page"}],"author":[{"embeddable":true,"href":"https:\/\/upliftedbehandeltafels.be\/fr\/wp-json\/wp\/v2\/users\/1"}],"replies":[{"embeddable":true,"href":"https:\/\/upliftedbehandeltafels.be\/fr\/wp-json\/wp\/v2\/comments?post=19200"}],"version-history":[{"count":0,"href":"https:\/\/upliftedbehandeltafels.be\/fr\/wp-json\/wp\/v2\/pages\/19200\/revisions"}],"wp:attachment":[{"href":"https:\/\/upliftedbehandeltafels.be\/fr\/wp-json\/wp\/v2\/media?parent=19200"}],"curies":[{"name":"wp","href":"https:\/\/api.w.org\/{rel}","templated":true}]}}